{"id":261,"date":"2025-04-14T02:24:38","date_gmt":"2025-04-14T02:24:38","guid":{"rendered":"https:\/\/unsr.albertbarume.org\/site\/normes-internationales\/"},"modified":"2025-04-14T02:38:08","modified_gmt":"2025-04-14T02:38:08","slug":"normes-internationales","status":"publish","type":"page","link":"https:\/\/unsr.albertbarume.org\/site\/fr?page_id=261","title":{"rendered":"Normes"},"content":{"rendered":"<p><img loading=\"lazy\" decoding=\"async\" class=\"size-full wp-image-257 alignleft\" src=\"https:\/\/unsr.albertbarume.org\/site\/wp-content\/uploads\/2025\/04\/united-nations.png\" alt=\"\" width=\"261\" height=\"203\" \/>Selon la r\u00e9solution \u00e9tablissant le mandat, le Rapporteur sp\u00e9cial \u00ab\u00a0promeut la D\u00e9claration des Nations Unies sur les droits des Peuples autochtones, ainsi que les instruments internationaux.<\/p>\n<h3>Instruments sp\u00e9cifiques<\/h3>\n<p>La\u00a0<a href=\"http:\/\/www2.ohchr.org\/french\/issues\/indigenous\/declaration.htm\">D\u00e9claration des Nations Unies sur les droits des Peuples autochtones<\/a>, adopt\u00e9e par l\u2019Assembl\u00e9e g\u00e9n\u00e9rale le 13 septembre 2007. Cette d\u00e9claration affirme les droits fondamentaux des Peuples autochtones dans un certain nombre de domaines qui les concernent particuli\u00e8rement, dans le cadre des principes g\u00e9n\u00e9raux d\u2019autod\u00e9termination, y compris le droit \u00e0 l\u2019\u00e9galit\u00e9 et \u00e0 la non-discrimination\u00a0; le droit \u00e0 l\u2019int\u00e9grit\u00e9 culturelle, le droit \u00e0 la terre, aux territoires et aux ressources naturelles\u00a0; le droit de s\u2019administrer eux-m\u00eames et d\u2019\u00eatre autonome\u00a0; le droit \u00e0 un consentement pr\u00e9alable, donn\u00e9 librement et en connaissance de cause, et autres.<\/p>\n<p>La\u00a0<a href=\"https:\/\/www.ohchr.org\/FR\/ProfessionalInterest\/Pages\/Indigenous.aspx\">Convention n\u00b0169 de l&rsquo;Organisation Internationale du Travail relative aux droits des peuples indig\u00e8nes et tribaux dans les pays ind\u00e9pendants<\/a>\u00a0a \u00e9t\u00e9 adopt\u00e9e par la Conf\u00e9rence international du travail le 27 juin 1989. La Convention est \u00e0 ce jour un des trait\u00e9s internationaux sp\u00e9cifiquement destin\u00e9 \u00e0 l\u2019am\u00e9lioration des droits des Peuples autochtones les plus avanc\u00e9s. La Convention inclut un nombre de dispositions concernant, entre autres, l\u2019\u00e9tablissement de la justice et du droit coutumier autochtone\u00a0; le droit \u00e0 la consultation et \u00e0 la participation\u00a0; le droit \u00e0 la terre, aux territoires et aux ressources naturelles\u00a0; le droit au travail et les droits sociaux\u00a0; le droit \u00e0 l\u2019\u00e9ducation bilingue et \u00e0 la coop\u00e9ration transfrontali\u00e8re.<\/p>\n<h3>Autres instruments pertinents<\/h3>\n<p>Le\u00a0<a href=\"https:\/\/www.ohchr.org\/FR\/ProfessionalInterest\/Pages\/CCPR.aspx\">Pacte international relatif aux droits civils et politiques<\/a>, adopt\u00e9 par l\u2019assembl\u00e9e g\u00e9n\u00e9rale le 16 d\u00e9cembre 1966. Le Comit\u00e9 des droits de l\u2019homme, responsable du contr\u00f4le de la mise en \u0153uvre de la Convention a appliqu\u00e9 certaines de ces dispositions dans le contexte particulier des peuples autochtones, y compris le droit \u00e0 l\u2019autod\u00e9termination (article 1) et les droits des minorit\u00e9s nationales, ethniques et linguistiques (article 27).<\/p>\n<p>Le\u00a0<a href=\"https:\/\/www.ohchr.org\/FR\/ProfessionalInterest\/Pages\/CESCR.aspx\">Pacte international relatif aux droits \u00e9conomiques, sociaux et culturels<\/a>\u00a0a \u00e9t\u00e9 adopt\u00e9 le 16 d\u00e9cembre 1966 par l&rsquo;Assembl\u00e9e g\u00e9n\u00e9rale. Le Comit\u00e9 sur les droits \u00e9conomiques sociaux et culturels, responsable du contr\u00f4le de la mise en \u0153uvre du Pacte a \u00e9galement appliqu\u00e9 certaines dispositions dans le contexte sp\u00e9cifique des Peuples autochtones, y compris le droit \u00e0 un logement convenable, le droit \u00e0 l\u2019alimentation, le droit \u00e0 l\u2019\u00e9ducation, le droit \u00e0 la sant\u00e9, le droit \u00e0 l\u2019acc\u00e8s \u00e0 l\u2019eau et \u00e0 la propri\u00e9t\u00e9 intellectuelle.<\/p>\n<p>La\u00a0<a href=\"https:\/\/www.ohchr.org\/FR\/ProfessionalInterest\/Pages\/CERD.aspx\">Convention sur l\u2019\u00e9limination de toutes les formes de discrimination raciale<\/a>, adopt\u00e9e par l\u2019Assembl\u00e9e g\u00e9n\u00e9rale le 21 d\u00e9cembre 1965. Le Comit\u00e9 sur l\u2019\u00e9limination de la discrimination raciale, qui est responsable du suivi de la Convention, a \u00e9t\u00e9 particuli\u00e8rement vigilant concernant la situation des droits de l\u2019homme des Peuples autochtones \u00e0 travers diff\u00e9rentes proc\u00e9dures Voir\u00a0<a href=\"http:\/\/tbinternet.ohchr.org\/_layouts\/treatybodyexternal\/Download.aspx?symbolno=INT\/CERD\/GEC\/7495&amp;Lang=en\">l\u2019Observation g\u00e9n\u00e9rale n\u00b023 (peuples autochtones)<\/a>.<\/p>\n<p>La\u00a0<a href=\"https:\/\/www.ohchr.org\/FR\/ProfessionalInterest\/Pages\/CEDAW.aspx\">Convention sur l\u2019\u00e9limination de toutes les formes de discrimination contre les femmes<\/a>, adopt\u00e9e par l\u2019Assembl\u00e9e g\u00e9n\u00e9rale le 18 d\u00e9cembre 1979. Le Comit\u00e9 sur l\u2019\u00e9limination de la discrimination contre les femmes a \u00e9t\u00e9 particuli\u00e8rement vigilant concernant la situation des femmes autochtones comme groupe particuli\u00e8rement vuln\u00e9rable et d\u00e9savantag\u00e9. Voir par exemple les\u00a0<a href=\"http:\/\/tbinternet.ohchr.org\/_layouts\/treatybodyexternal\/Download.aspx?symbolno=A\/54\/38\/REV.%201%28SUPP%29&amp;Lang=en\">Recommandation g\u00e9n\u00e9rale n\u00b024 (femmes et sant\u00e9)<\/a>. Dans la r\u00e9solution \u00e9tablissant ce mandat, le Conseil des droits de l\u2019homme a demand\u00e9 au Rapporteur sp\u00e9cial de pr\u00eater une attention toute particuli\u00e8re \u00e0 la situation des femmes autochtones et de prendre en compte la perspective des droits humains durant l\u2019exercice de son mandat.<\/p>\n<p>La\u00a0<a href=\"https:\/\/www.ohchr.org\/FR\/ProfessionalInterest\/Pages\/CRC.aspx\">Convention sur les droits de l\u2019enfant<\/a>, adopt\u00e9e le 20 novembre 1989 par l\u2019Assembl\u00e9e g\u00e9n\u00e9rale. L\u2019article 30 de la Convention se r\u00e9f\u00e8re explicitement aux droits des enfants autochtones. Sous le coup de cette disposition, le Comit\u00e9 des droits de l\u2019enfant a pr\u00eat\u00e9 une attention toute particuli\u00e8re \u00e0 la situation des enfants autochtones (voir les\u00a0<a href=\"https:\/\/www.ohchr.org\/sites\/default\/files\/Documents\/Issues\/IPeoples\/SR\/indigenouschildren.pdf\">recommandations<\/a>\u00a0du Comit\u00e9). Dans la r\u00e9solution \u00e9tablissant ce mandat, le Conseil des droits de l\u2019homme a demand\u00e9 au Rapporteur sp\u00e9cial de pr\u00eater une attention particuli\u00e8re \u00e0 la situation des enfants autochtones.<\/p>\n<p>La\u00a0<a href=\"http:\/\/www.cbd.int\/doc\/legal\/cbd-fr.pdf\">Convention sur la diversit\u00e9 biologique<\/a>, adopt\u00e9e \u00e0 Rio de Janeiro le 5 juin 1992. L\u2019article 8(j) de la Convention affirme le droit des communaut\u00e9s autochtones et locales au respect, \u00e0 la pr\u00e9servation\u00a0 et au maintien des connaissances, innovations et pratiques qui incarnent les modes de\u00a0 vie traditionnels pr\u00e9sentant un int\u00e9r\u00eat pour la conservation et l\u2019utilisation durable de la diversit\u00e9 biologique et en favorise l\u2019application sur une plus grande \u00e9chelle, avec l\u2019accord et la participation des d\u00e9positaires de ces connaissances, innovations et pratiques et encourage le partage \u00e9quitable des avantages en d\u00e9coulant. Les parties \u00e0 la Convention ont adopt\u00e9es un nombre de d\u00e9cisions pertinentes concernant ce sujet, et ont d\u00e9velopp\u00e9s des facultatives pour la conduite d\u2019\u00e9tudes sur l\u2019impact culturel, environnemental et social concernant les communaut\u00e9s autochtones. (voir\u00a0<a href=\"http:\/\/www.cbd.int\/doc\/publications\/akwe-brochure-fr.pdf\">Directives Akw\u00e9\u00a0: Kon<\/a>).<\/p>\n","protected":false},"excerpt":{"rendered":"<p>Selon la r\u00e9solution \u00e9tablissant le mandat, le Rapporteur sp\u00e9cial \u00ab\u00a0promeut la D\u00e9claration des Nations Unies sur les droits des Peuples autochtones, ainsi que les instruments internationaux. Instruments sp\u00e9cifiques La\u00a0D\u00e9claration des Nations Unies sur les droits des Peuples autochtones, adopt\u00e9e par l\u2019Assembl\u00e9e g\u00e9n\u00e9rale le 13 septembre 2007. Cette d\u00e9claration affirme les droits fondamentaux des Peuples autochtones\u2026 <span class=\"read-more\"><a href=\"https:\/\/unsr.albertbarume.org\/site\/fr?page_id=261\">En savoir plus &raquo;<\/a><\/span><\/p>\n","protected":false},"author":1,"featured_media":257,"parent":0,"menu_order":0,"comment_status":"closed","ping_status":"closed","template":"","meta":{"footnotes":""},"categories":[],"tags":[],"class_list":["post-261","page","type-page","status-publish","has-post-thumbnail","hentry"],"_links":{"self":[{"href":"https:\/\/unsr.albertbarume.org\/site\/fr\/index.php?rest_route=\/wp\/v2\/pages\/261","targetHints":{"allow":["GET"]}}],"collection":[{"href":"https:\/\/unsr.albertbarume.org\/site\/fr\/index.php?rest_route=\/wp\/v2\/pages"}],"about":[{"href":"https:\/\/unsr.albertbarume.org\/site\/fr\/index.php?rest_route=\/wp\/v2\/types\/page"}],"author":[{"embeddable":true,"href":"https:\/\/unsr.albertbarume.org\/site\/fr\/index.php?rest_route=\/wp\/v2\/users\/1"}],"replies":[{"embeddable":true,"href":"https:\/\/unsr.albertbarume.org\/site\/fr\/index.php?rest_route=%2Fwp%2Fv2%2Fcomments&post=261"}],"version-history":[{"count":2,"href":"https:\/\/unsr.albertbarume.org\/site\/fr\/index.php?rest_route=\/wp\/v2\/pages\/261\/revisions"}],"predecessor-version":[{"id":291,"href":"https:\/\/unsr.albertbarume.org\/site\/fr\/index.php?rest_route=\/wp\/v2\/pages\/261\/revisions\/291"}],"wp:featuredmedia":[{"embeddable":true,"href":"https:\/\/unsr.albertbarume.org\/site\/fr\/index.php?rest_route=\/wp\/v2\/media\/257"}],"wp:attachment":[{"href":"https:\/\/unsr.albertbarume.org\/site\/fr\/index.php?rest_route=%2Fwp%2Fv2%2Fmedia&parent=261"}],"wp:term":[{"taxonomy":"category","embeddable":true,"href":"https:\/\/unsr.albertbarume.org\/site\/fr\/index.php?rest_route=%2Fwp%2Fv2%2Fcategories&post=261"},{"taxonomy":"post_tag","embeddable":true,"href":"https:\/\/unsr.albertbarume.org\/site\/fr\/index.php?rest_route=%2Fwp%2Fv2%2Ftags&post=261"}],"curies":[{"name":"wp","href":"https:\/\/api.w.org\/{rel}","templated":true}]}}